{"id":7,"date":"2012-10-15T18:36:12","date_gmt":"2012-10-15T16:36:12","guid":{"rendered":"http:\/\/www.hcsedv.de:8020\/?page_id=7"},"modified":"2023-05-15T17:11:07","modified_gmt":"2023-05-15T16:11:07","slug":"infos","status":"publish","type":"page","link":"http:\/\/www.karate-maulbronn.de\/?page_id=7","title":{"rendered":"Infos"},"content":{"rendered":"<h2><a name=\"b1\"><\/a>Was ist Karate ?<\/h2>\n<p>Karate ist eine Kampfkunst, welche auch als Sport betrieben werden kann. Ein wichtiger Aspekt hierbei ist auch der Kampf gegen die eigene k\u00f6rperliche und psychische Schw\u00e4che. Karate fordert den ganzen Menschen, seine Kraft, Disziplin und Ausdauer.<\/p>\n<p>Karate blickt auf eine lange Tradition zur\u00fcck. Bereits chinesische M\u00f6nche um 500 n. Chr. begannen Kampfk\u00fcnste zu entwickeln. \u00dcber Okinawa (eine japanische Insel) und dann \u00fcber Japan kam das Karate zu uns nach Europa. Kara-te bedeutet w\u00f6rtlich \u00fcbersetzt &#8222;leere Hand&#8220;, was bedeutet, dass im Karate der Kampf ohne Waffe trainiert wird.<\/p>\n<h2><a name=\"b2\"><\/a>F\u00fcr wen ist Karate geeignet ?<\/h2>\n<p>Karate kann in jeder Altersstufe betrieben werden. Nat\u00fcrlich sind die Trainings-Schwerpunkte in jeder Altersstufe anders. Da Karate jedoch sehr vielseitig ist, bietet es in jedem Alter eine sinnvolle sportliche Bet\u00e4tigung.<\/p>\n<p>Auch die Gr\u00f6\u00dfe und K\u00f6rperkraft ist zweitrangig. Im Karate z\u00e4hlen saubere Techniken und Geschwindigkeit mehr als pure Kraft. Daher ist Karate sowohl f\u00fcr Jungen als auch f\u00fcr M\u00e4dchen bzw. M\u00e4nner und Frauen geeignet.<\/p>\n<h2><a name=\"b3\"><\/a>Ist Karate teuer ?<\/h2>\n<p>Verglichen mit anderen Sportarten ist Karate g\u00fcnstig. Ein wei\u00dfer Anzug und ein passender G\u00fcrtel gen\u00fcgen. Im Karateverein Maulbronn sind die Beitr\u00e4ge recht g\u00fcnstig, so dass Karate keine finanzielle Belastung darstellt.<\/p>\n<h2><a name=\"b4\"><\/a>Was bietet mir der Karateverein Maulbronn ?<\/h2>\n<p>Am 22. Januar 1977 im Gasthof Birkenhof in Maulbronn wurde der Karate Verein Maulbronn e.V. gegr\u00fcndet. Im &#8222;Dojo&#8220;, dem Kampfplatz im Verein wird erst die Festigung des K\u00f6rpers und der Techniken gelehrt und erlernt. Erst in zweiter Linie wird Karate als Weg zur Selbstverteidigung erlernt, denn Karate ist niemals eine Angriffsschulung zur Aus\u00fcbung von Rache oder anderen aggressivem Verhalten. Der Verein wurde gegr\u00fcndet um die Vielseitigkeit des Goju-Ryu Karate zu verbreiten. Hierzu z\u00e4hlen vor allem:<\/p>\n<ul>\n<li>K\u00f6rperert\u00fcchtigung<\/li>\n<li>Beweglichkeit<\/li>\n<li>Konzentrationssteigerung<\/li>\n<li>Koordinationsst\u00e4rkung<\/li>\n<li>St\u00e4rkung des Selbstbewusstseins (Selbstbehauptung)<\/li>\n<\/ul>\n<p>Wichtig im Karate ist vor allem die Einstellung zu diesem Sport,und dass die gelernten Techniken nicht im negativen Sinne eingesetzt werden. Gemeinsame sportliche Aktivit\u00e4ten, wie zum Beispiel Turniere und Lehrg\u00e4nge, werden zu Gen\u00fcge geboten. Der Wettkampfaspekt ist nat\u00fcrlich nur eine Variante des Karate. Im Goju-Ryu KVM (Karate Verein Maulbronn) wird vor allem auch das traditionelle Karatetraining sehr gro\u00df geschrieben, wie z.B.<\/p>\n<ul>\n<li>traditionelle Selbstverteidigung<\/li>\n<li>Hebel- und Wurf-Techniken zur Kontrolle des Gegners<\/li>\n<li>Atem\u00fcbungen zur St\u00e4rkung des inneren Wohlbefindens<\/li>\n<\/ul>\n<p>Durch das abwechslungsreiche, gesunde Training des KVM ist diese Sportart f\u00fcr Jedermann (Frau) zwischen 6 Jahren und 60 Jahren bestens geeignet.<\/p>\n<h1>Mit Karate gesund bleiben !<\/h1>\n<p>Im Jahr 2003 wurde Karate von der Weltgesundheitsorganisation WHO<br \/>zum gesundheitsf\u00f6rdernden Sport erkl\u00e4rt.<\/p>\n<p>Karate kann als Ganzk\u00f6rpersport, Gymnastik in einfacher Form<br \/>und als Selbstverteidigung durchgef\u00fchrt werden.<\/p>\n<p>Aufgrund der vielseitigen Anforderungen an K\u00f6rper<br \/>und Geist ist Karate ein idealer Ausgleich zum<br \/>Alltagsstress. Dar\u00fcber hinaus wird Kraft,<br \/>Ausdauer, Schnelligkeit und Beweglichkeit in hohem Ma\u00dfe<br \/>trainiert, durch Atmungen und Konzentrations\u00fcbungen die<br \/>K\u00f6rperwahrnehmung geschult.<\/p>\n\n\n<h1 class=\"wp-block-heading\">Einsteigen in Karate<\/h1>\n\n\n\n<p>Karate kann man in jedem Alter beginnen. Das Training im Karateverein Maulbronn wird vielseitig gestaltet um jedem die M\u00f6glichkeit zu bieten, das Optimale f\u00fcr seinen K\u00f6rper und Geist zu erreichen.<\/p>\n\n\n\n<p>Speziell zur Erhaltung genereller k\u00f6rperlicher Fitness und Gelenkigkeit ist Karate nahezu optimal. Alle K\u00f6rperpartien werden gleichm\u00e4\u00dfig angesprochen und auch die geistige Fitness und Konzentrationsf\u00e4higkeit werden geschult.<\/p>\n\n\n\n<p>Wenn Du Zeit und Lust hast, schau einfach zu den Trainingszeiten  bei uns vorbei! Wir freuen uns \u00fcber jeden neuen Trainingspartner oder -partnerin.<\/p>\n\n\n\n<p>Bring einen Sportanzug oder, falls vorhanden, einen Karateanzug mit. Das Training findet barfuss statt, daher bitte auf Fu\u00dfhygiene achten, z.B. sollten die Fussn\u00e4gel nicht zu lang sein und am besten keinen Schmuck tragen.<\/p>\n\n\n\n<p>Das erste Training ist kostenlos. Du kannst dir in Ruhe \u00fcberlegen, ob Du diesen Sport langfristig machen willst, oder nicht. Falls Du Fragen irgendwelcher Art zum Karate hast, kannst Du gerne auch an die E-Mail-Adresse auf der rechten Seite mailen. Wir versuchen dann, Deine Fragen zu beantworten.<\/p>\n\n\n\n<p>Alternativ kannst du auch D\u00e9sir\u00e9e Gode-Elchlepp, eine unserer Trainerinnen, telefonisch erreichen. Sie ist unter der Woche, tags\u00fcber unter 0171\/3506742 zu erreichen. Sie ruft gerne zur\u00fcck.<\/p>\n\n\n\n<h2 class=\"wp-block-heading\" id=\"reply-title\"><\/h2>\n","protected":false},"excerpt":{"rendered":"<p>Was ist Karate ? Karate ist eine Kampfkunst, welche auch als Sport betrieben werden kann. Ein wichtiger Aspekt hierbei ist auch der Kampf gegen die eigene k\u00f6rperliche und psychische Schw\u00e4che. Karate fordert den ganzen Menschen, seine Kraft, Disziplin und Ausdauer. Karate blickt auf eine lange Tradition zur\u00fcck. Bereits chinesische M\u00f6nche um 500 n. Chr. begannen [&hellip;]<\/p>\n","protected":false},"author":8,"featured_media":0,"parent":0,"menu_order":1,"comment_status":"closed","ping_status":"open","template":"","meta":{"footnotes":""},"class_list":["post-7","page","type-page","status-publish","hentry"],"_links":{"self":[{"href":"http:\/\/www.karate-maulbronn.de\/index.php?rest_route=\/wp\/v2\/pages\/7","targetHints":{"allow":["GET"]}}],"collection":[{"href":"http:\/\/www.karate-maulbronn.de\/index.php?rest_route=\/wp\/v2\/pages"}],"about":[{"href":"http:\/\/www.karate-maulbronn.de\/index.php?rest_route=\/wp\/v2\/types\/page"}],"author":[{"embeddable":true,"href":"http:\/\/www.karate-maulbronn.de\/index.php?rest_route=\/wp\/v2\/users\/8"}],"replies":[{"embeddable":true,"href":"http:\/\/www.karate-maulbronn.de\/index.php?rest_route=%2Fwp%2Fv2%2Fcomments&post=7"}],"version-history":[{"count":12,"href":"http:\/\/www.karate-maulbronn.de\/index.php?rest_route=\/wp\/v2\/pages\/7\/revisions"}],"predecessor-version":[{"id":1623,"href":"http:\/\/www.karate-maulbronn.de\/index.php?rest_route=\/wp\/v2\/pages\/7\/revisions\/1623"}],"wp:attachment":[{"href":"http:\/\/www.karate-maulbronn.de\/index.php?rest_route=%2Fwp%2Fv2%2Fmedia&parent=7"}],"curies":[{"name":"wp","href":"https:\/\/api.w.org\/{rel}","templated":true}]}}